{"id":692,"date":"2025-05-27T07:48:16","date_gmt":"2025-05-27T07:48:16","guid":{"rendered":"https:\/\/brainclub.io\/straipsniai\/"},"modified":"2025-07-10T10:17:59","modified_gmt":"2025-07-10T10:17:59","slug":"straipsniai","status":"publish","type":"page","link":"https:\/\/brainclub.io\/lt\/straipsniai\/","title":{"rendered":"Straipsniai"},"content":{"rendered":"<section class=\"heading has-background\" style=\"background-image: url(https:\/\/brainclub.io\/wp-content\/uploads\/2025\/07\/Rectangle-4343.jpg); background-size: cover; background-position: center; padding-top:100px;padding-bottom:100px;background-image:url(&apos;https:\/\/brainclub.io\/wp-content\/uploads\/2025\/07\/Rectangle-4343.jpg&apos;);background-position:54% 0%;background-size:cover;background-attachment:scroll;\">\n<\/section>\n\n\n<section class=\"articles\">\n    <div class=\"container\" style=\"\">\n        <h2 class=\"text-center mb-40\">Skaitmenin\u0117 s\u0105mon\u0117 ir ateities \u0161vietimas<\/h2>\n                    <div class=\"articles__categories row gap-12 justify-center mb-40\">\n                <a href=\"https:\/\/brainclub.io\/lt\/straipsniai\/\"\n                   class=\"button-font pb-12 active\">\n                    Visi straipsniai (7)\n                <\/a>\n                                    <a class=\"button-font pb-12 \"\n                       href=\"https:\/\/brainclub.io\/lt\/straipsniai\/?category=ai-and-critical-thinking-lt\">\n                        AI ir kritinis m\u0105stymas                    <\/a>\n                                    <a class=\"button-font pb-12 \"\n                       href=\"https:\/\/brainclub.io\/lt\/straipsniai\/?category=brainclub-lt\">\n                        BrAInClub                    <\/a>\n                                    <a class=\"button-font pb-12 \"\n                       href=\"https:\/\/brainclub.io\/lt\/straipsniai\/?category=neurofeedback-lt\">\n                        Neurogr\u012f\u017etamasis ry\u0161ys                    <\/a>\n                                    <a class=\"button-font pb-12 \"\n                       href=\"https:\/\/brainclub.io\/lt\/straipsniai\/?category=vr-cognitive-health-lt\">\n                        VR ir kognityvin\u0117 sveikata                    <\/a>\n                            <\/div>\n        \n        <!-- Posts Grid -->\n        <div class=\"row gap-24 justify-center\">\n                                <article class=\"col-md-1-3 col-sm-50 col-100\">\n                        <a href=\"https:\/\/www.frontiersin.org\/journals\/digital-health\/articles\/10.3389\/fdgth.2022.916052\/full\" target=\"_blank\" rel=\"noopener noreferrer\">\n                            <div class=\"articles__image mb-32\">\n                                <img loading=\"lazy\" decoding=\"async\" width=\"717\" height=\"480\" src=\"https:\/\/brainclub.io\/wp-content\/uploads\/2025\/05\/Brainclub-article1-min.jpg\" class=\"attachment-post-thumbnail size-post-thumbnail wp-post-image\" alt=\"\" \/>                                <svg width=\"58\" height=\"44\" viewBox=\"0 0 58 44\" fill=\"none\"\n                                     xmlns=\"http:\/\/www.w3.org\/2000\/svg\">\n                                    <rect x=\"6.99988\" width=\"44\" height=\"44\" rx=\"22\" fill=\"white\"\/>\n                                    <path d=\"M26.4424 25.4425L29.8774 22L26.4424 18.5575L27.4999 17.5L31.9999 22L27.4999 26.5L26.4424 25.4425Z\"\n                                          fill=\"black\"\/>\n                                <\/svg>\n                                                                    <div class=\"articles__tag articles__tag--white\">\n                                        Tyrimai                                    <\/div>\n                                                                                                    <div class=\"articles__category\">\n                                        <i class=\"iconoir-brain primary\"><\/i>\n                                        <span>VR ir kognityvin\u0117 sveikata<\/span>\n                                    <\/div>\n                                                            <\/div>\n                            <div class=\"title2 text-center\">VR tobulinimas: daugialyp\u0117 sensorin\u0117 kognityvinio mokymo ir steb\u0117jimo metodika<\/div>\n                        <\/a>\n                    <\/article>\n                                    <article class=\"col-md-1-3 col-sm-50 col-100\">\n                        <a href=\"https:\/\/www.delfi.lt\/uzsakomasis-turinys\/premium\/technologiju-revoliucija-svietimo-sistemoje-2025-ieji-gali-tapti-didziulio-virsmo-metais-120083494\" target=\"_blank\" rel=\"noopener noreferrer\">\n                            <div class=\"articles__image mb-32\">\n                                <img loading=\"lazy\" decoding=\"async\" width=\"717\" height=\"480\" src=\"https:\/\/brainclub.io\/wp-content\/uploads\/2025\/05\/Brainclub-article2-min.jpg\" class=\"attachment-post-thumbnail size-post-thumbnail wp-post-image\" alt=\"\" \/>                                <svg width=\"58\" height=\"44\" viewBox=\"0 0 58 44\" fill=\"none\"\n                                     xmlns=\"http:\/\/www.w3.org\/2000\/svg\">\n                                    <rect x=\"6.99988\" width=\"44\" height=\"44\" rx=\"22\" fill=\"white\"\/>\n                                    <path d=\"M26.4424 25.4425L29.8774 22L26.4424 18.5575L27.4999 17.5L31.9999 22L27.4999 26.5L26.4424 25.4425Z\"\n                                          fill=\"black\"\/>\n                                <\/svg>\n                                                                    <div class=\"articles__tag articles__tag--red\">\n                                        Originalu                                    <\/div>\n                                                                                                    <div class=\"articles__category\">\n                                        <i class=\"iconoir-brain primary\"><\/i>\n                                        <span>BrAInClub<\/span>\n                                    <\/div>\n                                                            <\/div>\n                            <div class=\"title2 text-center\">Technologij\u0173 revoliucija \u0161vietimo sistemoje: 2025-ieji gali tapti did\u017eiulio virsmo metais<\/div>\n                        <\/a>\n                    <\/article>\n                                    <article class=\"col-md-1-3 col-sm-50 col-100\">\n                        <a href=\"https:\/\/pmc.ncbi.nlm.nih.gov\/articles\/PMC10289680\/\" target=\"_blank\" rel=\"noopener noreferrer\">\n                            <div class=\"articles__image mb-32\">\n                                <img loading=\"lazy\" decoding=\"async\" width=\"717\" height=\"480\" src=\"https:\/\/brainclub.io\/wp-content\/uploads\/2025\/05\/Brainclub-article6-min.jpg\" class=\"attachment-post-thumbnail size-post-thumbnail wp-post-image\" alt=\"\" \/>                                <svg width=\"58\" height=\"44\" viewBox=\"0 0 58 44\" fill=\"none\"\n                                     xmlns=\"http:\/\/www.w3.org\/2000\/svg\">\n                                    <rect x=\"6.99988\" width=\"44\" height=\"44\" rx=\"22\" fill=\"white\"\/>\n                                    <path d=\"M26.4424 25.4425L29.8774 22L26.4424 18.5575L27.4999 17.5L31.9999 22L27.4999 26.5L26.4424 25.4425Z\"\n                                          fill=\"black\"\/>\n                                <\/svg>\n                                                                    <div class=\"articles__tag articles__tag--white\">\n                                        Tyrimai                                    <\/div>\n                                                                                                    <div class=\"articles__category\">\n                                        <i class=\"iconoir-brain primary\"><\/i>\n                                        <span>Neurogr\u012f\u017etamasis ry\u0161ys<\/span>\n                                    <\/div>\n                                                            <\/div>\n                            <div class=\"title2 text-center\">Neurogr\u012f\u017etamojo ry\u0161io veiksmingumas akademini\u0173 rezultat\u0173 valdymui studentams, turintiems akademini\u0173\u2026<\/div>\n                        <\/a>\n                    <\/article>\n                                    <article class=\"col-md-1-3 col-sm-50 col-100\">\n                        <a href=\"https:\/\/www.media.mit.edu\/publications\/your-brain-on-chatgpt\/\" target=\"_blank\" rel=\"noopener noreferrer\">\n                            <div class=\"articles__image mb-32\">\n                                <img loading=\"lazy\" decoding=\"async\" width=\"717\" height=\"480\" src=\"https:\/\/brainclub.io\/wp-content\/uploads\/2025\/05\/Brainclub-article5-min.jpg\" class=\"attachment-post-thumbnail size-post-thumbnail wp-post-image\" alt=\"\" \/>                                <svg width=\"58\" height=\"44\" viewBox=\"0 0 58 44\" fill=\"none\"\n                                     xmlns=\"http:\/\/www.w3.org\/2000\/svg\">\n                                    <rect x=\"6.99988\" width=\"44\" height=\"44\" rx=\"22\" fill=\"white\"\/>\n                                    <path d=\"M26.4424 25.4425L29.8774 22L26.4424 18.5575L27.4999 17.5L31.9999 22L27.4999 26.5L26.4424 25.4425Z\"\n                                          fill=\"black\"\/>\n                                <\/svg>\n                                                                    <div class=\"articles__tag articles__tag--white\">\n                                        Tyrimai                                    <\/div>\n                                                                                                    <div class=\"articles__category\">\n                                        <i class=\"iconoir-brain primary\"><\/i>\n                                        <span>AI ir kritinis m\u0105stymas<\/span>\n                                    <\/div>\n                                                            <\/div>\n                            <div class=\"title2 text-center\">J\u016bs\u0173 smegenys ir ChatGPT: kognityvin\u0117s skolos kaupimasis naudojant AI asistent\u0105 ra\u0161ant es\u0117<\/div>\n                        <\/a>\n                    <\/article>\n                                    <article class=\"col-md-1-3 col-sm-50 col-100\">\n                        <a href=\"https:\/\/brainclub.io\/lt\/aktualus-lietuvos-ir-pasaulio-svietimo-pokyciu-straipsniai\/\" >\n                            <div class=\"articles__image mb-32\">\n                                <img loading=\"lazy\" decoding=\"async\" width=\"1440\" height=\"584\" src=\"https:\/\/brainclub.io\/wp-content\/uploads\/2025\/07\/brainclub-image.jpg\" class=\"attachment-post-thumbnail size-post-thumbnail wp-post-image\" alt=\"\" \/>                                <svg width=\"58\" height=\"44\" viewBox=\"0 0 58 44\" fill=\"none\"\n                                     xmlns=\"http:\/\/www.w3.org\/2000\/svg\">\n                                    <rect x=\"6.99988\" width=\"44\" height=\"44\" rx=\"22\" fill=\"white\"\/>\n                                    <path d=\"M26.4424 25.4425L29.8774 22L26.4424 18.5575L27.4999 17.5L31.9999 22L27.4999 26.5L26.4424 25.4425Z\"\n                                          fill=\"black\"\/>\n                                <\/svg>\n                                                                    <div class=\"articles__tag articles__tag--red\">\n                                        Originalu                                    <\/div>\n                                                                                                    <div class=\"articles__category\">\n                                        <i class=\"iconoir-brain primary\"><\/i>\n                                        <span>BrAInClub<\/span>\n                                    <\/div>\n                                                            <\/div>\n                            <div class=\"title2 text-center\">BrAInClub: stipriname naujos kartos geb\u0117jimus siekti skaitmenin\u0117s gerov\u0117s ir s\u0117km\u0117s ateityje!<\/div>\n                        <\/a>\n                    <\/article>\n                                    <article class=\"col-md-1-3 col-sm-50 col-100\">\n                        <a href=\"https:\/\/www.mdpi.com\/2076-3417\/15\/3\/1223\" target=\"_blank\" rel=\"noopener noreferrer\">\n                            <div class=\"articles__image mb-32\">\n                                <img loading=\"lazy\" decoding=\"async\" width=\"717\" height=\"480\" src=\"https:\/\/brainclub.io\/wp-content\/uploads\/2025\/05\/Brainclub-article3-min.jpg\" class=\"attachment-post-thumbnail size-post-thumbnail wp-post-image\" alt=\"\" \/>                                <svg width=\"58\" height=\"44\" viewBox=\"0 0 58 44\" fill=\"none\"\n                                     xmlns=\"http:\/\/www.w3.org\/2000\/svg\">\n                                    <rect x=\"6.99988\" width=\"44\" height=\"44\" rx=\"22\" fill=\"white\"\/>\n                                    <path d=\"M26.4424 25.4425L29.8774 22L26.4424 18.5575L27.4999 17.5L31.9999 22L27.4999 26.5L26.4424 25.4425Z\"\n                                          fill=\"black\"\/>\n                                <\/svg>\n                                                                    <div class=\"articles__tag articles__tag--white\">\n                                        Tyrimai                                    <\/div>\n                                                                                                    <div class=\"articles__category\">\n                                        <i class=\"iconoir-brain primary\"><\/i>\n                                        <span>VR ir kognityvin\u0117 sveikata<\/span>\n                                    <\/div>\n                                                            <\/div>\n                            <div class=\"title2 text-center\">Emocij\u0173 reguliavimo, internalizavimo simptom\u0173 ir kognityvini\u0173 funkcij\u0173 gerinimas paaugliams, kuriems gresia \u2026<\/div>\n                        <\/a>\n                    <\/article>\n                        <\/div>\n\n        <!-- View All Button -->\n        \n        <!-- Pagination -->\n                    <div class=\"articles__pagination\">\n                <p class=\"caption\">Rodoma 1-6 i\u0161 7<\/p>\n                                    <div class=\"articles__pages\">\n                        <span aria-current=\"page\" class=\"page-numbers current\">1<\/span>\n<a class=\"page-numbers\" href=\"https:\/\/brainclub.io\/lt\/wp-json\/wp\/v2\/pages\/692\/page\/2\/\">2<\/a>\n<a class=\"next page-numbers\" href=\"https:\/\/brainclub.io\/lt\/wp-json\/wp\/v2\/pages\/692\/page\/2\/\"><svg width=\"24\" height=\"24\" viewBox=\"0 0 24 24\" fill=\"none\" xmlns=\"http:\/\/www.w3.org\/2000\/svg\">\n                                <path d=\"M9 18L15 12L9 6\" stroke=\"#000000\" stroke-width=\"2\" stroke-linecap=\"round\" stroke-linejoin=\"round\"\/>\n                            <\/svg><\/a>                    <\/div>\n                            <\/div>\n            <\/div>\n<\/section>\n","protected":false},"excerpt":{"rendered":"","protected":false},"author":1,"featured_media":0,"parent":0,"menu_order":0,"comment_status":"closed","ping_status":"closed","template":"","meta":{"_acf_changed":false,"footnotes":""},"class_list":["post-692","page","type-page","status-publish","hentry"],"acf":[],"_links":{"self":[{"href":"https:\/\/brainclub.io\/lt\/wp-json\/wp\/v2\/pages\/692","targetHints":{"allow":["GET"]}}],"collection":[{"href":"https:\/\/brainclub.io\/lt\/wp-json\/wp\/v2\/pages"}],"about":[{"href":"https:\/\/brainclub.io\/lt\/wp-json\/wp\/v2\/types\/page"}],"author":[{"embeddable":true,"href":"https:\/\/brainclub.io\/lt\/wp-json\/wp\/v2\/users\/1"}],"replies":[{"embeddable":true,"href":"https:\/\/brainclub.io\/lt\/wp-json\/wp\/v2\/comments?post=692"}],"version-history":[{"count":0,"href":"https:\/\/brainclub.io\/lt\/wp-json\/wp\/v2\/pages\/692\/revisions"}],"wp:attachment":[{"href":"https:\/\/brainclub.io\/lt\/wp-json\/wp\/v2\/media?parent=692"}],"curies":[{"name":"wp","href":"https:\/\/api.w.org\/{rel}","templated":true}]}}