{"id":687,"date":"2025-05-27T07:48:07","date_gmt":"2025-05-27T07:48:07","guid":{"rendered":"https:\/\/brainclub.io\/prisijungti\/"},"modified":"2025-09-17T06:37:17","modified_gmt":"2025-09-17T06:37:17","slug":"prisijungti","status":"publish","type":"page","link":"https:\/\/brainclub.io\/lt\/prisijungti\/","title":{"rendered":"Registruotis"},"content":{"rendered":"<section class=\"heading has-background\" style=\"background-image: url(https:\/\/brainclub.io\/wp-content\/uploads\/2025\/06\/Rectangle-48-1-1.jpg); background-size: cover; background-position: center; padding-top:200px;padding-bottom:200px;background-image:url(&apos;https:\/\/brainclub.io\/wp-content\/uploads\/2025\/06\/Rectangle-48-1-1.jpg&apos;);background-size:cover;\">\n<\/section>\n\n\n<section class=\"embedded-block embedded-block\">\n            <h1 class=\"embedded-block__title\">Registracija<\/h1>\n                <iframe\n                src=\"https:\/\/embed.exoclass.com\/lt\/embed\/provider\/d21b1b44-997d-40af-a454-0b72ab6bd142\/group-management\"\n                allowfullscreen\n                loading=\"lazy\"\n                title=\"Registracija\">\n        <\/iframe>\n        <script src=\"https:\/\/exoclass.com\/embed\/js\/resizer\/embed-resizer.js\"><\/script>\n    <\/section>\n\n\n\n<section class=\"pt-96 icons-block\">\n    <div class=\"container icons-block-container\" style=\"\">\n                    <h2 data-apear data-from=\"top\" data-speed=\"1\" data-stagger=\"2\" class=\"mb-48 text-center\">Kaip u\u017esiregistruoti <span class=\"primary\">brAInclub<\/span>?<\/h2>\n                            <div class=\"row gap-32 icons-block-container__row\">\n                                                        <div data-apear data-from=\"right\" data-speed=\"2\" data-stagger=\"0.1\" class=\"col-1-3 text-center icons-block-container__col\">\n                        <div class=\"image\">\n                                                            <i style=\"font-size: 44px\" class=\"mb-10 primary iconoir-calendar-check\"><\/i>\n                                                                                        <p class=\"title3\">Susipa\u017einti su grup\u0117s informacija ir i\u0161sirinkti tinkam\u0105 laik\u0105<\/p>\n                                                    <\/div>\n                    <\/div>\n                                                        <div data-apear data-from=\"right\" data-speed=\"2\" data-stagger=\"0.1\" class=\"col-1-3 text-center icons-block-container__col\">\n                        <div class=\"image\">\n                                                            <i style=\"font-size: 44px\" class=\"mb-10 primary iconoir-password-cursor\"><\/i>\n                                                                                        <p class=\"title3\">Paspausti registruotis<\/p>\n                                                    <\/div>\n                    <\/div>\n                                                        <div data-apear data-from=\"right\" data-speed=\"2\" data-stagger=\"0.1\" class=\"col-1-3 text-center icons-block-container__col\">\n                        <div class=\"image\">\n                                                            <i style=\"font-size: 44px\" class=\"mb-10 primary iconoir-brain\"><\/i>\n                                                                                        <p class=\"title3\">Sulaukti informacijos ir prad\u0117ti mokytis<\/p>\n                                                    <\/div>\n                    <\/div>\n                            <\/div>\n                            <div class=\"title3 mb-16 text-center pt-70\">Visdar reikia pagalbos?<\/div>\n                    <div class=\"buttons  center\">\n                    \n            \n                        <a class=\"btn-transparent btn button-font\" href=\"mailto:paul@brainclub.io\"\n                   target=\"_blank\">\n                    Susisiekti                <\/a>\n        \n            <\/div>\n\n<script><\/script>\n    <\/div>\n<\/section>\n","protected":false},"excerpt":{"rendered":"","protected":false},"author":1,"featured_media":0,"parent":0,"menu_order":0,"comment_status":"closed","ping_status":"closed","template":"","meta":{"_acf_changed":false,"footnotes":""},"class_list":["post-687","page","type-page","status-publish","hentry"],"acf":[],"_links":{"self":[{"href":"https:\/\/brainclub.io\/lt\/wp-json\/wp\/v2\/pages\/687","targetHints":{"allow":["GET"]}}],"collection":[{"href":"https:\/\/brainclub.io\/lt\/wp-json\/wp\/v2\/pages"}],"about":[{"href":"https:\/\/brainclub.io\/lt\/wp-json\/wp\/v2\/types\/page"}],"author":[{"embeddable":true,"href":"https:\/\/brainclub.io\/lt\/wp-json\/wp\/v2\/users\/1"}],"replies":[{"embeddable":true,"href":"https:\/\/brainclub.io\/lt\/wp-json\/wp\/v2\/comments?post=687"}],"version-history":[{"count":2,"href":"https:\/\/brainclub.io\/lt\/wp-json\/wp\/v2\/pages\/687\/revisions"}],"predecessor-version":[{"id":1153,"href":"https:\/\/brainclub.io\/lt\/wp-json\/wp\/v2\/pages\/687\/revisions\/1153"}],"wp:attachment":[{"href":"https:\/\/brainclub.io\/lt\/wp-json\/wp\/v2\/media?parent=687"}],"curies":[{"name":"wp","href":"https:\/\/api.w.org\/{rel}","templated":true}]}}