{"id":684,"date":"2025-06-13T05:36:51","date_gmt":"2025-06-13T05:36:51","guid":{"rendered":"https:\/\/brainclub.io\/testpage\/"},"modified":"2025-07-09T11:25:09","modified_gmt":"2025-07-09T11:25:09","slug":"testpage","status":"publish","type":"page","link":"https:\/\/brainclub.io\/lt\/testpage\/","title":{"rendered":"ES finansavimas"},"content":{"rendered":"\n<p>BrAIn Club: pa\u017eangi EdTech platforma, sprend\u017eianti personalizavimo tr\u016bkumus \u0161vietime. Tikslas \u2013 sukurti \u012ftraukian\u010di\u0105, AI ir neurogr\u012f\u017etamojo ry\u0161io pagrindu veikian\u010di\u0105 mokymosi patirt\u012f vaikams. Planuojama integruoti EEG\/fNIRS technologijas ir VR\/XR \u017eaidybinius scenarijus, siekiant adaptyvaus mokymosi ir kognityvinio lavinimo. Rezultatas \u2013 inovatyvi platforma, ugdanti atsparum\u0105 ir problem\u0173 sprendim\u0105. Siekis: 150 000 mokini\u0173 Lietuvos ir Amerikos rinkose.<\/p>\n\n\n\n<h2 class=\"wp-block-heading\">Projekt\u0105 finansuoja Europos S\u0105junga \u2013 NextGenerationEU<\/h2>\n\n\n\n<p>Projekto pavadinimas: BrAIn Club inovatyvaus EdTech produkto vystymas, pritaikant pasirinktoms u\u017esienio rinkoms.<\/p>\n\n\n\n<p>Projekto vykdytojas: BrAIn Club.<\/p>\n\n\n\n<p>Priemon\u0117: Jungtinis projektas \u201eSkatinti startuoli\u0173 inovatyvi\u0173 produkt\u0173 ar inovatyvi\u0173 produkt\u0173 prototip\u0173 k\u016brim\u0105 EdTech srityje\u201c.<\/p>\n\n\n\n<p>Bendra projekto vert\u0117: 59 296,65 EUR.<\/p>\n\n\n\n<p>ES finansavimo dalis: 59 296,65 EUR.<\/p>\n\n\n\n<p>Projekto trukm\u0117: 2025 m. sausio m\u0117n. &#8211; 2025 m. liepos m\u0117n.<\/p>\n\n\n\n<figure class=\"wp-block-image size-full\"><img loading=\"lazy\" decoding=\"async\" width=\"218\" height=\"57\" src=\"https:\/\/brainclub.io\/wp-content\/uploads\/2025\/07\/LT_Finansuoja_Europos_Sajunga_RGB_NEG-1.png\" alt=\"\" class=\"wp-image-602\"\/><\/figure>\n","protected":false},"excerpt":{"rendered":"<p>BrAIn Club: pa\u017eangi EdTech platforma, sprend\u017eianti personalizavimo tr\u016bkumus \u0161vietime. Tikslas \u2013 sukurti \u012ftraukian\u010di\u0105, AI ir neurogr\u012f\u017etamojo ry\u0161io pagrindu veikian\u010di\u0105 mokymosi patirt\u012f vaikams. Planuojama integruoti EEG\/fNIRS technologijas ir VR\/XR \u017eaidybinius scenarijus, siekiant adaptyvaus mokymosi ir kognityvinio lavinimo. Rezultatas \u2013 inovatyvi platforma, ugdanti atsparum\u0105 ir problem\u0173 sprendim\u0105. Siekis: 150 000 mokini\u0173 Lietuvos ir Amerikos rinkose. Projekt\u0105 finansuoja [&hellip;]<\/p>\n","protected":false},"author":1,"featured_media":0,"parent":0,"menu_order":0,"comment_status":"closed","ping_status":"closed","template":"page-privacy-policy.php","meta":{"_acf_changed":false,"footnotes":""},"class_list":["post-684","page","type-page","status-publish","hentry"],"acf":[],"_links":{"self":[{"href":"https:\/\/brainclub.io\/lt\/wp-json\/wp\/v2\/pages\/684","targetHints":{"allow":["GET"]}}],"collection":[{"href":"https:\/\/brainclub.io\/lt\/wp-json\/wp\/v2\/pages"}],"about":[{"href":"https:\/\/brainclub.io\/lt\/wp-json\/wp\/v2\/types\/page"}],"author":[{"embeddable":true,"href":"https:\/\/brainclub.io\/lt\/wp-json\/wp\/v2\/users\/1"}],"replies":[{"embeddable":true,"href":"https:\/\/brainclub.io\/lt\/wp-json\/wp\/v2\/comments?post=684"}],"version-history":[{"count":0,"href":"https:\/\/brainclub.io\/lt\/wp-json\/wp\/v2\/pages\/684\/revisions"}],"wp:attachment":[{"href":"https:\/\/brainclub.io\/lt\/wp-json\/wp\/v2\/media?parent=684"}],"curies":[{"name":"wp","href":"https:\/\/api.w.org\/{rel}","templated":true}]}}